{"id":176,"date":"2015-10-05T13:40:35","date_gmt":"2015-10-05T13:40:35","guid":{"rendered":"http:\/\/serlogal.com.mialias.net\/?page_id=176"},"modified":"2015-10-05T13:40:35","modified_gmt":"2015-10-05T13:40:35","slug":"aviso-legal","status":"publish","type":"page","link":"https:\/\/www.serlogal.com\/?page_id=176","title":{"rendered":"Aviso legal"},"content":{"rendered":"<p>Responsable Legal<\/p>\n<p><strong>SERLOGAL 2.0 S.L.<\/strong><\/p>\n<p><strong>Nif\/Cif<\/strong>: B 94062411<br \/>\n<strong>Direcci\u00f3n<\/strong>: Pol. Ind. A Reigosa, parcela 47 (Pontecaldelas); CP\u00a036827<br \/>\n<strong>Email de Contacto<\/strong>: admon@serlogal.com<br \/>\n<strong>Tlf<\/strong>: 986 76 10 42<br \/>\n<strong>Datos Registrales<\/strong>: Inscrita en el Registro Mercantil de Pontevedra, tomo 3791, folio 1, inscripcion 1\u00aa, Hoja PO-53055 .<\/p>\n<p><strong>Condiciones de Uso<\/strong><\/p>\n<p>Las presentes condiciones legales regulan el uso permitido de esta p\u00e1gina web que SERLOGAL 2.0 S.L., en adelante, (SERLOGAL.COM) pone a disposici\u00f3n de los usuarios de Internet. Si no est\u00e1 conforme con estas condiciones legales debe abandonar esta p\u00e1gina web.<\/p>\n<p>El Usuario se obliga a usar la web, los servicios y sus contenidos de forma diligente, correcta y l\u00edcita y en particular, deber\u00e1 abstenerse de:<\/p>\n<p>Suprimir, eludir o manipular el \u201ccopyright\u201d y dem\u00e1s datos identificativos de los derechos de sus titulares incorporados a los contenidos, as\u00ed como los dispositivos t\u00e9cnicos de protecci\u00f3n, o cualesquiera mecanismos de informaci\u00f3n que pudieren contener los contenidos.<br \/>\nIntroducir programas, virus, macros o cualquier otro dispositivo l\u00f3gico o secuencia de caracteres que causen o sean susceptibles de causar cualquier tipo de alteraci\u00f3n en la p\u00e1gina web o los sistemas inform\u00e1ticos que la soportan.<br \/>\nUsar o instalar programas o dispositivos capaces de invalidar los controles o contrase\u00f1as de seguridad, establecidos por SERLOGAL.COM, estando igualmente prohibido descifrar las claves, sistemas o algoritmos de cifrado o cualquier otro elemento de seguridad de la p\u00e1gina web o cualquiera de sus usuarios.<br \/>\nRealizar copia o captura de pantallas de la p\u00e1gina web, sin autorizaci\u00f3n expresa de SERLOGAL.COM.<br \/>\nEfectuar copias o versiones de la p\u00e1gina web o su c\u00f3digo fuente, sin el consentimiento expreso de SERLOGAL.COM.<br \/>\nRealizar cualquier tipo de comportamiento contrario a la Ley o la buena fe.<\/p>\n<p><strong>Exclusi\u00f3n de Responsabilidad<\/strong><\/p>\n<p>SERLOGAL.COM, no se hace responsable de las p\u00e9rdidas o perjuicios que pueda ocasionar al usuario por virus, indisponibilidad o cualquier otro comportamiento an\u00f3malo de la p\u00e1gina web. SERLOGAL.COM, ha adoptado todas las medidas de seguridad a su alcance y seg\u00fan el estado actual de la t\u00e9cnica, para garantizar el correcto funcionamiento de la web y evitar la generaci\u00f3n de cualquier tipo de da\u00f1o al usuario.<\/p>\n<p>SERLOGAL.COM, no se hace responsable de los comentarios u opiniones vertidas por los usuarios. Si detecta alg\u00fan contenido inapropiado o que infrinja la Ley o derechos de terceros, puede comunicarlo a nuestra direcci\u00f3n de email<\/p>\n<p><strong>Enlaces<\/strong><\/p>\n<p>SERLOGAL.COM declina cualquier responsabilidad por los servicios y\/o informaci\u00f3n que se preste en otras p\u00e1ginas enlazadas con esta Web. SERLOGAL.COM no controla ni ejerce ning\u00fan tipo de supervisi\u00f3n sobre las p\u00e1ginas enlazadas. Los usuarios que utilicen estos enlaces deber\u00e1n consultar las condiciones legales expuestas en las p\u00e1ginas de destino.<\/p>\n<p><strong>Propiedad Intelectual<\/strong><\/p>\n<p>Los textos, im\u00e1genes, logos, signos distintivos, sonidos, animaciones, v\u00eddeos, c\u00f3digo fuente y resto de contenidos incluidos en esta web son propiedad de SERLOGAL.COM, o dispone en su caso, del permiso para su uso y\/o explotaci\u00f3n.<\/p>\n<p>Los usuarios de esta p\u00e1gina web podr\u00e1n llevar a cabo la reproducci\u00f3n o almacenamiento de los contenidos almacenados en esta p\u00e1gina para su exclusivo uso personal o las finalidades autorizadas en las condiciones legales de contrataci\u00f3n de nuestros productos y servicios. Cualquier otra transmisi\u00f3n, distribuci\u00f3n, reproducci\u00f3n o almacenamiento, total o parcial, de los contenidos almacenados en esta web, queda expresamente prohibida salvo previo y expreso consentimiento de SERLOGAL.COM.<\/p>\n<p><strong>Legislaci\u00f3n y Jurisdicci\u00f3n<\/strong><\/p>\n<p>Esta p\u00e1gina web se encuentra sometida a la legislaci\u00f3n Espa\u00f1ola y en caso de litigio o controversia surgida del uso de esta p\u00e1gina web, ambas partes se someten a la jurisdicci\u00f3n de los tribunales de la ciudad de Pontevedra (Espa\u00f1a). Esta cl\u00e1usula de sumisi\u00f3n expresa, no ser\u00e1 aplicable para los supuestos de litigio con los usuarios de la web que seg\u00fan la legislaci\u00f3n vigente ostenten la condici\u00f3n de consumidores, en cuyo caso ambas partes estar\u00e1n sometidos a la jurisdicci\u00f3n de los Juzgados y Tribunales de residencia del consumidor.<\/p>\n<p><strong>Versi\u00f3n<\/strong><\/p>\n<p>Este Aviso Legal es de fecha 25\/11\/2014 y cualquier modificaci\u00f3n de sus t\u00e9rminos ser\u00e1 publicada en la p\u00e1gina web.<\/p>\n","protected":false},"excerpt":{"rendered":"<p>Responsable Legal SERLOGAL 2.0 S.L. Nif\/Cif: B 94062411 Direcci\u00f3n: Pol. Ind. A Reigosa, parcela 47 (Pontecaldelas); CP\u00a036827 Email de Contacto: admon@serlogal.com Tlf: 986 76 10 42 [&hellip;]<\/p>\n","protected":false},"author":3,"featured_media":0,"parent":0,"menu_order":10,"comment_status":"closed","ping_status":"closed","template":"","meta":{"footnotes":""},"class_list":["post-176","page","type-page","status-publish","hentry"],"_links":{"self":[{"href":"https:\/\/www.serlogal.com\/index.php?rest_route=\/wp\/v2\/pages\/176","targetHints":{"allow":["GET"]}}],"collection":[{"href":"https:\/\/www.serlogal.com\/index.php?rest_route=\/wp\/v2\/pages"}],"about":[{"href":"https:\/\/www.serlogal.com\/index.php?rest_route=\/wp\/v2\/types\/page"}],"author":[{"embeddable":true,"href":"https:\/\/www.serlogal.com\/index.php?rest_route=\/wp\/v2\/users\/3"}],"replies":[{"embeddable":true,"href":"https:\/\/www.serlogal.com\/index.php?rest_route=%2Fwp%2Fv2%2Fcomments&post=176"}],"version-history":[{"count":0,"href":"https:\/\/www.serlogal.com\/index.php?rest_route=\/wp\/v2\/pages\/176\/revisions"}],"wp:attachment":[{"href":"https:\/\/www.serlogal.com\/index.php?rest_route=%2Fwp%2Fv2%2Fmedia&parent=176"}],"curies":[{"name":"wp","href":"https:\/\/api.w.org\/{rel}","templated":true}]}}