{"id":307,"date":"2024-01-30T12:40:54","date_gmt":"2024-01-30T11:40:54","guid":{"rendered":"https:\/\/www.serlogal.com\/?page_id=307"},"modified":"2024-02-01T09:46:08","modified_gmt":"2024-02-01T08:46:08","slug":"clientes-sin-web","status":"publish","type":"page","link":"https:\/\/www.serlogal.com\/?page_id=307","title":{"rendered":"Clientes sin web"},"content":{"rendered":"\n<div id=\"Content\">\n\t<div class=\"content_wrapper clearfix\">\n\n\t\t<!-- .sections_group -->\n\t\t<div class=\"sections_group\">\n\t\t\n\t\t\t<div class=\"entry-content\" itemprop=\"mainContentOfPage\">\n\t\t\t\t<div class=\"section   section-border-bottom \" style=\"padding-top:60px; padding-bottom:30px; background-color:\"><div class=\"section_wrapper clearfix\"><div class=\"items_group clearfix\"><div class=\"column one-second column_image \"><div class=\"image_frame image_item no_link scale-with-grid aligncenter no_border\"><figure><img decoding=\"async\" class=\"scale-with-grid\" src=\"https:\/\/www.serlogal.com\/wp-content\/uploads\/2015\/09\/clientes-sin-web2.png\" alt=\"\"><\/figure><div class=\"image_wrapper\"><\/div><\/div>\n<\/div><div class=\"column one-second column_column \"><div class=\"column_attr\" style=\"\"><div style=\"margin: 50px 6% 0;\">\n\n<h2 style=\"font-weight: 500;\">Si no tienes p\u00e1gina web, esta puede ser la mejor soluci\u00f3n para comenzar.<\/h2>\n\n<h3 style=\"font-size: 21px; line-height: 34px;\">No te preocupes, nosotros realizaremos los tr\u00e1mites de la puesta en marcha (Registro\/compra del \u201cdominio\u201d www. de la web, alojamiento, servidores seguros,etc..),  y <b style=\"font-weight:500;\">te proporcionamos una tienda on-line<\/b> que ya cuenta con la sincronizaci\u00f3n del cat\u00e1logo, la implantaci\u00f3n del sistema de cobro, y a trav\u00e9s de un proceso automatizado, registra, y procesa los pedidos hasta la entrega en al cliente final.<\/h3> <h3 style=\"font-size: 21px; line-height: 34px;\">En definitiva, una web <b style=\"font-weight:500;\">lista para empezar a vender<\/b>.<\/h3>\n\n<\/div><\/div><\/div><div class=\"column one column_divider \"><hr class=\"\" style=\"margin: 0 auto 20px;\">\n<\/div><\/div><\/div><\/div><div class=\"section    \" style=\"padding-top:20px; padding-bottom:20px; background-color:\"><div class=\"section_wrapper clearfix\"><div class=\"items_group clearfix\"><div class=\"column one column_column \"><div class=\"column_attr align_center\" style=\"\"><h2 style=\"font-weight: 500;\">\u00bfQu\u00e9 ventajas tiene la web de SERLOGAL?<\/h2><\/div><\/div><div class=\"column one column_divider \"><hr class=\"no_line\" style=\"margin: 0 auto 20px;\">\n<\/div><div class=\"column one-third column_column \"><div class=\"column_attr align_right\" style=\"\"><h2>Mantenimiento<\/h2><\/div><\/div><div class=\"column two-third column_faq \"><div class=\"faq\"><div class=\"mfn-acc faq_wrapper  open1st\"><div class=\"question active\"><div class=\"title\"><span class=\"num\">1<\/span><i class=\"icon-plus acc-icon-plus\"><\/i><i class=\"icon-minus acc-icon-minus\"><\/i>Ahorra tiempo y ded\u00edcate a lo que mejor sabes hacer<\/div><div class=\"answer\" style=\"display: block;\">No hace falta dedicarle pr\u00e1cticamente tiempo a la actualizaci\u00f3n de la web. Por una parte, a trav\u00e9s de la plataforma SERLOGAL, le proporcionaremos el cat\u00e1logo de algunos de los m\u00e1s importantes proveedores, con todos los datos necesarios para la venta, y por otro lado, le ayudaremos a que la web tenga una imagen actualizada y din\u00e1mica, pues confeccionaremos lotes de novedades, libros recomendados, M\u00e1s vendidos, que nos encargaremos de mantener<\/div><\/div>\n<\/div><\/div>\n<\/div><div class=\"column one column_divider \"><hr class=\"no_line\">\n<\/div><div class=\"column one-third column_column \"><div class=\"column_attr align_right\" style=\"\"><h2>Sencilla<\/h2><p style=\"font-size:18px\">A trav\u00e9s de una sencilla plataforma, podr\u00e9is realizar operaciones como<\/p><\/div><\/div><div class=\"column two-third column_faq \"><div class=\"faq\"><div class=\"mfn-acc faq_wrapper  open1st\"><div class=\"question active\"><div class=\"title\"><span class=\"num\">1<\/span><i class=\"icon-plus acc-icon-plus\"><\/i><i class=\"icon-minus acc-icon-minus\"><\/i>Consultar los datos de los clientes registrados<\/div><div class=\"answer\" style=\"display: block;\">Podr\u00e1s disponer de todos los datos referidos al alta de clientes, nombre, tel\u00e9fono, mail, etc..,<\/div><\/div>\n<div class=\"question\"><div class=\"title\"><span class=\"num\">2<\/span><i class=\"icon-plus acc-icon-plus\"><\/i><i class=\"icon-minus acc-icon-minus\"><\/i>Seguimiento de las ventas realizadas<\/div><div class=\"answer\">Sabr\u00e1s que art\u00edculos, importes, familias, son las que compran tus clientes<\/div><\/div>\n<div class=\"question\"><div class=\"title\"><span class=\"num\">3<\/span><i class=\"icon-plus acc-icon-plus\"><\/i><i class=\"icon-minus acc-icon-minus\"><\/i>Conocer el importe de la comisi\u00f3n que te corresponde<\/div><div class=\"answer\">En todo momento ser\u00e1s conocedor del importe que te corresponde por las ventas que realiza tu web.<\/div><\/div>\n<div class=\"question\"><div class=\"title\"><span class=\"num\">4<\/span><i class=\"icon-plus acc-icon-plus\"><\/i><i class=\"icon-minus acc-icon-minus\"><\/i> Elaboraci\u00f3n de un lote temporal<\/div><div class=\"answer\">Podr\u00e1s generar agrupaciones de art\u00edculos para hacer ofertas concretas, crear especiales, o destacados.., (ejemplo: D\u00eda de la madre, Vuelta al cole, etc.., )<\/div><\/div>\n<div class=\"question\"><div class=\"title\"><span class=\"num\">5<\/span><i class=\"icon-plus acc-icon-plus\"><\/i><i class=\"icon-minus acc-icon-minus\"><\/i>Mantenimiento de la p\u00e1gina principal de la web (home)<\/div><div class=\"answer\">Todo el contenido de la home es editable, y f\u00e1cilmente podr\u00e1s modificarlo, a\u00f1adiendo art\u00edculos, lotes, o banners<\/div><\/div>\n<\/div><\/div>\n<\/div><div class=\"column one column_divider \"><hr class=\"no_line\">\n<\/div><div class=\"column one-third column_column \"><div class=\"column_attr align_right\" style=\"\"><h2>Econ\u00f3mica<\/h2><\/div><\/div><div class=\"column two-third column_faq \"><div class=\"faq\"><div class=\"mfn-acc faq_wrapper  open1st\"><div class=\"question active\"><div class=\"title\"><span class=\"num\">1<\/span><i class=\"icon-plus acc-icon-plus\"><\/i><i class=\"icon-minus acc-icon-minus\"><\/i>Usaremos una plantilla, que adaptaremos a la imagen de su empresa, (logo, colores, etc.., )<\/div><div class=\"answer\" style=\"display: block;\">Esto nos permite, por un precio muy inferior a lo que cuesta una web hecha a la medida, poder contar con nuestra propia web. Adem\u00e1s, al trabajar en grupo, nos permite hacer m\u00e1s fuerza en la negociaci\u00f3n con empresas de transporte, Banco (TPV), etc..,<\/div><\/div>\n<\/div><\/div>\n<\/div><div class=\"column one column_divider \"><hr class=\"no_line\">\n<\/div><div class=\"column one-third column_column \"><div class=\"column_attr align_right\" style=\"\"><h2>Diversidad de cat\u00e1logo<\/h2><p style=\"font-size:18px\">Adem\u00e1s de ofrecer uno de los mayores cat\u00e1logos de libros, podr\u00e1 contar con otros art\u00edculos que har\u00e1n interesante su oferta como<\/p><\/div><\/div><div class=\"column two-third column_faq \"><div class=\"faq\"><div class=\"mfn-acc faq_wrapper  open1st\"><div class=\"question active\"><div class=\"title\"><span class=\"num\">1<\/span><i class=\"icon-plus acc-icon-plus\"><\/i><i class=\"icon-minus acc-icon-minus\"><\/i>Libros de texto de pr\u00e1cticamente todas las comunidades aut\u00f3nomas<\/div><div class=\"answer\" style=\"display: block;\"><\/div><\/div>\n<div class=\"question\"><div class=\"title\"><span class=\"num\">2<\/span><i class=\"icon-plus acc-icon-plus\"><\/i><i class=\"icon-minus acc-icon-minus\"><\/i>Ebooks<\/div><div class=\"answer\"><\/div><\/div>\n<div class=\"question\"><div class=\"title\"><span class=\"num\">3<\/span><i class=\"icon-plus acc-icon-plus\"><\/i><i class=\"icon-minus acc-icon-minus\"><\/i>Material Escolar y de oficina<\/div><div class=\"answer\"><\/div><\/div>\n<div class=\"question\"><div class=\"title\"><span class=\"num\">4<\/span><i class=\"icon-plus acc-icon-plus\"><\/i><i class=\"icon-minus acc-icon-minus\"><\/i>Juegos educativos<\/div><div class=\"answer\"><\/div><\/div>\n<div class=\"question\"><div class=\"title\"><span class=\"num\">5<\/span><i class=\"icon-plus acc-icon-plus\"><\/i><i class=\"icon-minus acc-icon-minus\"><\/i>Videojuegos<\/div><div class=\"answer\"><\/div><\/div>\n<div class=\"question\"><div class=\"title\"><span class=\"num\">6<\/span><i class=\"icon-plus acc-icon-plus\"><\/i><i class=\"icon-minus acc-icon-minus\"><\/i>Surtido de electr\u00f3nica<\/div><div class=\"answer\"><\/div><\/div>\n<div class=\"question\"><div class=\"title\"><span class=\"num\">7<\/span><i class=\"icon-plus acc-icon-plus\"><\/i><i class=\"icon-minus acc-icon-minus\"><\/i>Futuras incorporaciones que se puedan ir realizando<\/div><div class=\"answer\"><\/div><\/div>\n<\/div><\/div>\n<\/div><div class=\"column one column_divider \"><hr class=\"no_line\">\n<\/div><div class=\"column one-third column_column \"><div class=\"column_attr align_right\" style=\"\"><h2>Seguridad<\/h2><\/div><\/div><div class=\"column two-third column_faq \"><div class=\"faq\"><div class=\"mfn-acc faq_wrapper  open1st\"><div class=\"question active\"><div class=\"title\"><span class=\"num\">1<\/span><i class=\"icon-plus acc-icon-plus\"><\/i><i class=\"icon-minus acc-icon-minus\"><\/i>Seguridad<\/div><div class=\"answer\" style=\"display: block;\">Nosotros realizamos el desarrollo, mantenimiento y alojamiento de la web, orientados a cumplir con los requisitos t\u00e9cnicos necesarios para la seguridad de las webs de comercio electr\u00f3nico<\/div><\/div>\n<\/div><\/div>\n<\/div><div class=\"column one column_divider \"><hr class=\"no_line\">\n<\/div><div class=\"column one-third column_column \"><div class=\"column_attr align_right\" style=\"\"><h2> Comunidad<\/h2><\/div><\/div><div class=\"column two-third column_faq \"><div class=\"faq\"><div class=\"mfn-acc faq_wrapper  open1st\"><div class=\"question active\"><div class=\"title\"><span class=\"num\">1<\/span><i class=\"icon-plus acc-icon-plus\"><\/i><i class=\"icon-minus acc-icon-minus\"><\/i>Comunidad<\/div><div class=\"answer\" style=\"display: block;\">Son muchas las librer\u00edas que utilizan este modelo, por lo que os beneficiareis de las modificaciones\/mejoras realizadas para otros clientes de la comunidad de esta web<\/div><\/div>\n<\/div><\/div>\n<\/div><div class=\"column one column_divider \"><hr class=\"no_line\">\n<\/div><div class=\"column one-third column_column \"><div class=\"column_attr align_right\" style=\"\"><h2>Sin complicaciones<\/h2><\/div><\/div><div class=\"column two-third column_faq \"><div class=\"faq\"><div class=\"mfn-acc faq_wrapper  open1st\"><div class=\"question active\"><div class=\"title\"><span class=\"num\">1<\/span><i class=\"icon-plus acc-icon-plus\"><\/i><i class=\"icon-minus acc-icon-minus\"><\/i>Sin complicaciones<\/div><div class=\"answer\" style=\"display: block;\">nos ocupamos de la negociaci\u00f3n, contrataci\u00f3n e intermediaci\u00f3n con las empresas necesarias para el servicio, como la agencia de transportes, TPV bancario, inform\u00e1ticos, etc&#8230;<\/div><\/div>\n<\/div><\/div>\n<\/div><\/div><\/div><\/div><div class=\"section   bloque-border \" style=\"padding-top:70px; padding-bottom:40px; background-color:#edf2fd\"><div class=\"section_wrapper clearfix\"><div class=\"items_group clearfix\"><div class=\"column one column_column \"><div class=\"column_attr align_center\" style=\"\"><h2 style=\"margin: 0px 5%;\">Clientes que ya conf\u00edan en nuestro <b>servicio web<\/b><\/h2><\/div><\/div><div class=\"column one column_divider \"><hr class=\"no_line\" style=\"margin: 0 auto 10px;\">\n<\/div><div class=\"column one-third column_icon_box \"><div class=\"icon_box icon_position_top has_border\"><a class=\"\" href=\"http:\/\/www.lalibreradelsavoy.es\/\" target=\"_blank\" rel=\"noopener\"><figure><img loading=\"lazy\" decoding=\"async\" src=\"http:\/\/www.serlogal.com\/wp-content\/uploads\/2017\/02\/savoy.fw_.png\" alt=\"La Librera del Savoy\" class=\"scale-with-grid\" width=\"1398\" height=\"895\"><\/figure><div class=\"image_wrapper\"><\/div><div class=\"desc_wrapper\"><h4>La Librera del Savoy<\/h4><\/div><\/a><\/div>\n<\/div><div class=\"column one-third column_icon_box \"><div class=\"icon_box icon_position_top has_border\"><a class=\"\" href=\"http:\/\/www.belobooks.com\" target=\"_blank\" rel=\"noopener\"><figure><img loading=\"lazy\" decoding=\"async\" src=\"http:\/\/www.serlogal.com\/wp-content\/uploads\/2017\/02\/belo.fw_.png\" alt=\"Belobooks\" class=\"scale-with-grid\" width=\"1398\" height=\"895\"><\/figure><div class=\"image_wrapper\"><\/div><div class=\"desc_wrapper\"><h4>Belobooks<\/h4><\/div><\/a><\/div>\n<\/div><div class=\"column one-third column_icon_box \"><div class=\"icon_box icon_position_top has_border\"><a class=\"\" href=\"http:\/\/www.libreriaidazti.com\" target=\"_blank\" rel=\"noopener\"><figure><img loading=\"lazy\" decoding=\"async\" src=\"http:\/\/www.serlogal.com\/wp-content\/uploads\/2017\/02\/Idazti.fw_.png\" alt=\"Librer\u00eda Idazti\" class=\"scale-with-grid\" width=\"1398\" height=\"895\"><\/figure><div class=\"image_wrapper\"><\/div><div class=\"desc_wrapper\"><h4>Librer\u00eda Idazti<\/h4><\/div><\/a><\/div>\n<\/div><div class=\"column one-third column_icon_box \"><div class=\"icon_box icon_position_top has_border\"><a class=\"\" href=\"http:\/\/www.libreriasar.com\" target=\"_blank\" rel=\"noopener\"><figure><img loading=\"lazy\" decoding=\"async\" src=\"http:\/\/www.serlogal.com\/wp-content\/uploads\/2017\/02\/Sar.fw_.png\" alt=\"Librer\u00eda Sar\" class=\"scale-with-grid\" width=\"1398\" height=\"895\"><\/figure><div class=\"image_wrapper\"><\/div><div class=\"desc_wrapper\"><h4>Librer\u00eda Sar<\/h4><\/div><\/a><\/div>\n<\/div><div class=\"column one-third column_icon_box \"><div class=\"icon_box icon_position_top has_border\"><a class=\"\" href=\"http:\/\/www.libreriacasaostiz.com\" target=\"_blank\" rel=\"noopener\"><figure><img loading=\"lazy\" decoding=\"async\" src=\"http:\/\/www.serlogal.com\/wp-content\/uploads\/2017\/02\/CasaOstiz.fw_.png\" alt=\"Casa Ostiz\" class=\"scale-with-grid\" width=\"1398\" height=\"895\"><\/figure><div class=\"image_wrapper\"><\/div><div class=\"desc_wrapper\"><h4>Casa Ostiz<\/h4><\/div><\/a><\/div>\n<\/div><div class=\"column one-third column_icon_box \"><div class=\"icon_box icon_position_top has_border\"><a class=\"\" href=\"http:\/\/www.libreriavaraderey.com\" target=\"_blank\" rel=\"noopener\"><figure><img loading=\"lazy\" decoding=\"async\" src=\"http:\/\/www.serlogal.com\/wp-content\/uploads\/2017\/02\/Varaderey.fw_.png\" alt=\"Librer\u00eda Vara de Rey\" class=\"scale-with-grid\" width=\"1398\" height=\"895\"><\/figure><div class=\"image_wrapper\"><\/div><div class=\"desc_wrapper\"><h4>Librer\u00eda Vara de Rey<\/h4><\/div><\/a><\/div>\n<\/div><div class=\"column one-third column_icon_box \"><div class=\"icon_box icon_position_top has_border\"><a class=\"\" href=\"http:\/\/www.libreriacaprichos.com\" target=\"_blank\" rel=\"noopener\"><figure><img loading=\"lazy\" decoding=\"async\" src=\"http:\/\/www.serlogal.com\/wp-content\/uploads\/2017\/02\/Caprichos.fw_.png\" alt=\"Librer\u00eda Caprichos\" class=\"scale-with-grid\" width=\"1398\" height=\"895\"><\/figure><div class=\"image_wrapper\"><\/div><div class=\"desc_wrapper\"><h4>Librer\u00eda Caprichos<\/h4><\/div><\/a><\/div>\n<\/div><div class=\"column one-third column_icon_box \"><div class=\"icon_box icon_position_top has_border\"><a class=\"\" href=\"http:\/\/www.libreriacelia.com\" target=\"_blank\" rel=\"noopener\"><figure><img loading=\"lazy\" decoding=\"async\" src=\"http:\/\/www.serlogal.com\/wp-content\/uploads\/2017\/02\/Celia2.fw_.png\" alt=\"Librer\u00eda Celia\" class=\"scale-with-grid\" width=\"1398\" height=\"895\"><\/figure><div class=\"image_wrapper\"><\/div><div class=\"desc_wrapper\"><h4>Librer\u00eda Celia<\/h4><\/div><\/a><\/div>\n<\/div><div class=\"column one-third column_icon_box \"><div class=\"icon_box icon_position_top has_border\"><a class=\"\" href=\"http:\/\/www.libreriaavenida.com\" target=\"_blank\" rel=\"noopener\"><figure><img loading=\"lazy\" decoding=\"async\" src=\"http:\/\/www.serlogal.com\/wp-content\/uploads\/2017\/02\/Avenida.fw_.png\" alt=\"Librer\u00eda Avenida\" class=\"scale-with-grid\" width=\"1398\" height=\"895\"><\/figure><div class=\"image_wrapper\"><\/div><div class=\"desc_wrapper\"><h4>Librer\u00eda Avenida<\/h4><\/div><\/a><\/div>\n<\/div><div class=\"column one column_divider \"><hr class=\"no_line\" style=\"margin: 0 auto 30px;\">\n<\/div><div class=\"column one column_column \"><\/div><\/div><\/div><\/div><\/div><div class=\"section the_content no_content\"><\/div>\t\t\t<\/div>\n\t\t\t\n\t\t\t\t\n\t\t<\/div>\n\t\t\n\t\t<!-- .four-columns - sidebar -->\n\t\t\n\t<\/div>\n<\/div>\n\n\n\n<div class=\"wp-block-contact-form-7-contact-form-selector\">\n<div class=\"wpcf7 no-js\" id=\"wpcf7-f353-o1\" lang=\"en-US\" dir=\"ltr\">\n<div class=\"screen-reader-response\"><p role=\"status\" aria-live=\"polite\" aria-atomic=\"true\"><\/p> <ul><\/ul><\/div>\n<form action=\"\/index.php?rest_route=%2Fwp%2Fv2%2Fpages%2F307#wpcf7-f353-o1\" method=\"post\" class=\"wpcf7-form init\" aria-label=\"Contact form\" novalidate=\"novalidate\" data-status=\"init\">\n<div style=\"display: none;\">\n<input type=\"hidden\" name=\"_wpcf7\" value=\"353\" \/>\n<input type=\"hidden\" name=\"_wpcf7_version\" value=\"5.8.6\" \/>\n<input type=\"hidden\" name=\"_wpcf7_locale\" value=\"en_US\" \/>\n<input type=\"hidden\" name=\"_wpcf7_unit_tag\" value=\"wpcf7-f353-o1\" \/>\n<input type=\"hidden\" name=\"_wpcf7_container_post\" value=\"0\" \/>\n<input type=\"hidden\" name=\"_wpcf7_posted_data_hash\" value=\"\" \/>\n<\/div>\n<div class=\"clearfix\" style=\"background-color: #0032ab; padding: 40px 40px 0;\">\n\t<div class=\"column one-third\">\n\t\t<h3 style=\"text-align: right; color: #fff; margin-top: 6px;\">Env\u00edanos tu n\u00famero de tel\u00e9fono y te llamamos\n\t\t<\/h3>\n\t<\/div>\n\t<div class=\"column two-third\">\n\t\t<div class=\"column one-second\">\n\t\t\t<p><span class=\"wpcf7-form-control-wrap\" data-name=\"Nombre\"><input size=\"40\" class=\"wpcf7-form-control wpcf7-text wpcf7-validates-as-required\" aria-required=\"true\" aria-invalid=\"false\" placeholder=\"Tu nombre*\" value=\"\" type=\"text\" name=\"Nombre\" \/><\/span>\n\t\t\t<\/p>\n\t\t<\/div>\n\t\t<div class=\"column one-second\">\n\t\t\t<p><span class=\"wpcf7-form-control-wrap\" data-name=\"Telefono\"><input size=\"40\" class=\"wpcf7-form-control wpcf7-tel wpcf7-text wpcf7-validates-as-tel\" aria-invalid=\"false\" placeholder=\"Tu tel\u00e9fono*\" value=\"\" type=\"tel\" name=\"Telefono\" \/><\/span>\n\t\t\t<\/p>\n\t\t<\/div>\n\t\t<p><br \/>\n<span class=\"wpcf7-form-control-wrap acceptance-316\"><span class=\"wpcf7-form-control-wrap\" data-name=\"Aceptacion\"><span class=\"wpcf7-form-control wpcf7-acceptance\"><span class=\"wpcf7-list-item\"><input type=\"checkbox\" name=\"Aceptacion\" value=\"1\" aria-invalid=\"false\" \/><\/span><\/span><\/span><br \/>\n<\/span>&nbsp&nbspCONSIENTO EL TRATAMIENTO DE MIS DATOS PARA COMUNICACIONES COMERCIALES\n\t\t<\/p>\n\t\t<div>\n\t\t\t<p>Responsable del fichero: Serlogal 2.0 S.L.; Contacto: protecciondatos@serlogal.com<br \/>\nDestinatarios: No se prev\u00e9n cesiones de datos a empresas ajenas a nuestro grupo.<br \/>\nDerechos: Acceso, Rectificaci\u00f3n, Limitaci\u00f3n, Oposici\u00f3n y Portabilidad.<br \/>\nSe puede consultar la informaci\u00f3n detallada en nuestra <a href=\"https:\/\/www.serlogal.com\/?page_id=3\/\" style=\"color:#FFFFFF;\">Pol\u00edtica de Privacidad.<\/a>\n\t\t\t<\/p>\n\t\t\t<p><span class=\"wpcf7-form-control-wrap\" data-name=\"quiz-20\"><label><span class=\"wpcf7-quiz-label\">\u00bfCuantos patas tiene un gato?<\/span> <input size=\"40\" class=\"wpcf7-form-control wpcf7-quiz\" autocomplete=\"off\" aria-required=\"true\" aria-invalid=\"false\" type=\"text\" name=\"quiz-20\" \/><\/label><input type=\"hidden\" name=\"_wpcf7_quiz_answer_quiz-20\" value=\"74ab3d61eb58fc9dc65be73800ba70b8\" \/><\/span>\n\t\t\t<\/p>\n\t\t\t<div class=\"column one\">\n\t\t\t\t<p><input class=\"wpcf7-form-control wpcf7-submit has-spinner\" type=\"submit\" value=\"Enviar\" \/>\n\t\t\t\t<\/p>\n\t\t\t<\/div>\n\t\t<\/div>\n\t<\/div>\n<\/div><div class=\"wpcf7-response-output\" aria-hidden=\"true\"><\/div>\n<\/form>\n<\/div>\n<\/div>\n","protected":false},"excerpt":{"rendered":"<p>Si no tienes p\u00e1gina web, esta puede ser la mejor soluci\u00f3n para comenzar. No te preocupes, nosotros realizaremos los tr\u00e1mites de la puesta en marcha (Registro\/compra [&hellip;]<\/p>\n","protected":false},"author":1,"featured_media":0,"parent":0,"menu_order":0,"comment_status":"closed","ping_status":"closed","template":"","meta":{"footnotes":""},"class_list":["post-307","page","type-page","status-publish","hentry"],"_links":{"self":[{"href":"https:\/\/www.serlogal.com\/index.php?rest_route=\/wp\/v2\/pages\/307","targetHints":{"allow":["GET"]}}],"collection":[{"href":"https:\/\/www.serlogal.com\/index.php?rest_route=\/wp\/v2\/pages"}],"about":[{"href":"https:\/\/www.serlogal.com\/index.php?rest_route=\/wp\/v2\/types\/page"}],"author":[{"embeddable":true,"href":"https:\/\/www.serlogal.com\/index.php?rest_route=\/wp\/v2\/users\/1"}],"replies":[{"embeddable":true,"href":"https:\/\/www.serlogal.com\/index.php?rest_route=%2Fwp%2Fv2%2Fcomments&post=307"}],"version-history":[{"count":7,"href":"https:\/\/www.serlogal.com\/index.php?rest_route=\/wp\/v2\/pages\/307\/revisions"}],"predecessor-version":[{"id":379,"href":"https:\/\/www.serlogal.com\/index.php?rest_route=\/wp\/v2\/pages\/307\/revisions\/379"}],"wp:attachment":[{"href":"https:\/\/www.serlogal.com\/index.php?rest_route=%2Fwp%2Fv2%2Fmedia&parent=307"}],"curies":[{"name":"wp","href":"https:\/\/api.w.org\/{rel}","templated":true}]}}