{"id":311,"date":"2024-01-30T12:45:15","date_gmt":"2024-01-30T11:45:15","guid":{"rendered":"https:\/\/www.serlogal.com\/?page_id=311"},"modified":"2024-01-30T12:45:16","modified_gmt":"2024-01-30T11:45:16","slug":"proveedores","status":"publish","type":"page","link":"https:\/\/www.serlogal.com\/?page_id=311","title":{"rendered":"Proveedores"},"content":{"rendered":"\n<div id=\"Content\">\n\t<div class=\"content_wrapper clearfix\">\n\n\t\t<!-- .sections_group -->\n\t\t<div class=\"sections_group\">\n\t\t\n\t\t\t<div class=\"entry-content\" itemprop=\"mainContentOfPage\">\n\t\t\t\t<div class=\"section   section-border-bottom \" style=\"padding-top:60px; padding-bottom:30px; background-color:\"><div class=\"section_wrapper clearfix\"><div class=\"items_group clearfix\"><div class=\"column one-second column_image \"><div class=\"image_frame image_item no_link scale-with-grid aligncenter no_border\"><div class=\"image_wrapper\"><img decoding=\"async\" class=\"scale-with-grid\" src=\"https:\/\/www.serlogal.com\/wp-content\/uploads\/2015\/09\/proveedores.png\" alt=\"\"><\/div><\/div>\n<\/div><div class=\"column one-second column_column \"><div class=\"column_attr\" style=\"\"><div style=\"margin: 50px 6% 0;\">\n\n<h2 style=\"font-weight: 500;\">\u00bfEres proveedor y te gustar\u00eda hacer dropshipping con centenares de tiendas?<\/h2>\n\n<h3 style=\"font-size: 21px; line-height: 34px;\">Hazlo a trav\u00e9s de <b style=\"font-weight:500;\">SERLOGAL 2.0<\/b> y benef\u00edciate de todas nuestras ventajas:<\/h3> \n\n<ul class=\"custom-list\">\n<li>Sin inversi\u00f3n<\/li>\n<li>Aumenta tus ventas<\/li>\n<li>Dale visibilidad a tu cat\u00e1logo<\/li>\n<li>Nuevo canal de ventas<\/li>\n<li>Da salida a tu stock<\/li>\n<li>Promociona tus marcas<\/li>\n<\/ul>\n\n<h3 style=\"font-size: 21px; line-height: 34px;\">A trav\u00e9s de un \u00fanico intermediario, tus productos estar\u00e1n visibles en centenares de tiendas.<\/h3> \n\n<\/div><\/div><\/div><\/div><\/div><\/div><div class=\"section   bloque-border \" style=\"padding-top:70px; padding-bottom:20px; background-color:#edf2fd\"><div class=\"section_wrapper clearfix\"><div class=\"items_group clearfix\"><div class=\"column one column_column \"><div class=\"column_attr align_center\" style=\"\"><h2 style=\"margin: 0px 5%;\">Requisitos para ser <b>proveedor<\/b><\/h2><\/div><\/div><div class=\"column one column_divider \"><hr class=\"no_line\" style=\"margin: 0 auto 10px;\">\n<\/div><div class=\"column one-fifth column_icon_box \"><div class=\"icon_box icon_position_top no_border\"><div class=\"image_wrapper\"><img decoding=\"async\" src=\"http:\/\/www.serlogal.com\/wp-content\/uploads\/2015\/09\/catalogo-de-calidad.png\" alt=\"Cat\u00e1logo de calidad\" class=\"scale-with-grid\"><\/div><div class=\"desc_wrapper\"><h4>Cat\u00e1logo de calidad<\/h4><div class=\"desc\"> <\/div><\/div><\/div>\n<\/div><div class=\"column one-fifth column_icon_box \"><div class=\"icon_box icon_position_top no_border\"><div class=\"image_wrapper\"><img decoding=\"async\" src=\"http:\/\/www.serlogal.com\/wp-content\/uploads\/2015\/09\/fiabilidad-stock.png\" alt=\"Fiabilidad de stock ofrecido\" class=\"scale-with-grid\"><\/div><div class=\"desc_wrapper\"><h4>Fiabilidad de stock ofrecido<\/h4><\/div><\/div>\n<\/div><div class=\"column one-fifth column_icon_box \"><div class=\"icon_box icon_position_top no_border\"><div class=\"image_wrapper\"><img decoding=\"async\" src=\"http:\/\/www.serlogal.com\/wp-content\/uploads\/2015\/09\/compromiso.png\" alt=\"Compromiso con los plazos de manipulaci\u00f3n\" class=\"scale-with-grid\"><\/div><div class=\"desc_wrapper\"><h4>Compromiso con los plazos de manipulaci\u00f3n<\/h4><\/div><\/div>\n<\/div><div class=\"column one-fifth column_icon_box \"><div class=\"icon_box icon_position_top no_border\"><div class=\"image_wrapper\"><img decoding=\"async\" src=\"http:\/\/www.serlogal.com\/wp-content\/uploads\/2015\/09\/precios-competitivos.png\" alt=\"Capacidad para sincronizar el cat\u00e1logo\" class=\"scale-with-grid\"><\/div><div class=\"desc_wrapper\"><h4>Capacidad para sincronizar el cat\u00e1logo<\/h4><\/div><\/div>\n<\/div><div class=\"column one-fifth column_icon_box \"><div class=\"icon_box icon_position_top no_border\"><div class=\"image_wrapper\"><img loading=\"lazy\" decoding=\"async\" src=\"http:\/\/www.serlogal.com\/wp-content\/uploads\/2015\/09\/sincronizar-catalogo.png\" alt=\"Precios competitivos\" class=\"scale-with-grid\" width=\"146\" height=\"128\"><\/div><div class=\"desc_wrapper\"><h4>Precios competitivos<\/h4><\/div><\/div>\n<\/div><\/div><\/div><\/div><div class=\"section    \" style=\"padding-top:50px; padding-bottom:20px; background-color:\"><div class=\"section_wrapper clearfix\"><div class=\"items_group clearfix\"><div class=\"column two-third column_column \"><div class=\"column_attr align_center\" style=\"\"><div style=\"margin: 0 5%;\">\n<h2 style=\"margin-top: 40px;\">M\u00e1s informaci\u00f3n sobre proveedores<br><a href=\"mailto:info@serlogal.com\">info@serlogal.com<\/a>&nbsp;&nbsp;<a href=\"callto:+34 986 76 10 42\">+34 986 76 10 42<\/a><\/h2>\n<hr class=\"no_line\" style=\"margin: 0 auto 30px;\">\n\n<div role=\"form\" class=\"wpcf7\" id=\"wpcf7-f198-p94-o1\" lang=\"en-US\" dir=\"ltr\">\n<div class=\"screen-reader-response\"><\/div>\n<form action=\"\/proveedores\/#wpcf7-f198-p94-o1\" method=\"post\" class=\"wpcf7-form\" novalidate=\"novalidate\">\n<div style=\"display: none;\">\n<input type=\"hidden\" name=\"_wpcf7\" value=\"198\">\n<input type=\"hidden\" name=\"_wpcf7_version\" value=\"4.4.1\">\n<input type=\"hidden\" name=\"_wpcf7_locale\" value=\"en_US\">\n<input type=\"hidden\" name=\"_wpcf7_unit_tag\" value=\"wpcf7-f198-p94-o1\">\n<input type=\"hidden\" name=\"_wpnonce\" value=\"394ea025a3\">\n<\/div>\n<div class=\"column one-second\"><span class=\"wpcf7-form-control-wrap your-name\"><input type=\"text\" name=\"your-name\" value=\"\" size=\"40\" class=\"wpcf7-form-control wpcf7-text wpcf7-validates-as-required\" aria-required=\"true\" aria-invalid=\"false\" placeholder=\"Tu nombre*\"><\/span> <\/div>\n<div class=\"column one-second\"><span class=\"wpcf7-form-control-wrap your-email\"><input type=\"email\" name=\"your-email\" value=\"\" size=\"40\" class=\"wpcf7-form-control wpcf7-text wpcf7-email wpcf7-validates-as-required wpcf7-validates-as-email\" aria-required=\"true\" aria-invalid=\"false\" placeholder=\"Tu e-mail*\"><\/span> <\/div>\n<div class=\"column one\"><span class=\"wpcf7-form-control-wrap your-subject\"><input type=\"text\" name=\"your-subject\" value=\"\" size=\"40\" class=\"wpcf7-form-control wpcf7-text wpcf7-validates-as-required\" aria-required=\"true\" aria-invalid=\"false\" placeholder=\"Asunto*\"><\/span> <\/div>\n<div class=\"column one\"><span class=\"wpcf7-form-control-wrap your-message\"><textarea name=\"your-message\" cols=\"40\" rows=\"4\" class=\"wpcf7-form-control wpcf7-textarea wpcf7-validates-as-required\" aria-required=\"true\" aria-invalid=\"false\" placeholder=\"Mensaje*\"><\/textarea><\/span><\/div>\n<p><span class=\"wpcf7-form-control-wrap acceptance-272\"><input type=\"checkbox\" name=\"acceptance-272\" value=\"1\" class=\"wpcf7-form-control wpcf7-acceptance\" aria-invalid=\"false\"><\/span> CONSIENTO EL TRATAMIENTO DE MIS DATOS PARA COMUNICACIONES COMERCIALES<\/p>\n<p>Responsable del fichero: Serlogal 2.0 S.L.; Contacto: protecciondatos@serlogal.com<br>\nDestinatarios: No se prev\u00e9n cesiones de datos a empresas ajenas a nuestro grupo.<br>\nDerechos: Acceso, Rectificaci\u00f3n, Limitaci\u00f3n, Oposici\u00f3n y Portabilidad.<br>\nSe puede consultar la informaci\u00f3n detallada en nuestra <a href=\"https:\/\/www.serlogal.com\/politica-privacidad\/\">Pol\u00edtica de Privacidad.<\/a><\/p>\n<\/form><\/div>\n<p><span class=\"wpcf7-form-control-wrap quiz-20\"><label><span class=\"wpcf7-quiz-label\">\u00bfCuantos patas tiene un gato?<\/span> <input type=\"text\" name=\"quiz-20\" size=\"40\" class=\"wpcf7-form-control wpcf7-quiz\" aria-required=\"true\" aria-invalid=\"false\"><\/label><input type=\"hidden\" name=\"_wpcf7_quiz_answer_quiz-20\" value=\"289087ae1552f3165de5a10ccac2b775\"><\/span>\n<\/p><div class=\"column one\"><input type=\"submit\" value=\"Enviar mensaje\" class=\"wpcf7-form-control wpcf7-submit\"><\/div>\n<div class=\"wpcf7-response-output wpcf7-display-none\"><\/div><\/div>\n<\/div><\/div><\/div><div class=\"column one-third column_image \"><div class=\"image_frame image_item no_link scale-with-grid aligncenter no_border\"><div class=\"image_wrapper\"><img decoding=\"async\" class=\"scale-with-grid\" src=\"https:\/\/www.serlogal.com\/wp-content\/uploads\/2015\/09\/contacto.png\" alt=\"\"><\/div><\/div>\n<\/div><\/div><\/div><\/div><div class=\"section the_content no_content\"><div class=\"section_wrapper\"><div class=\"the_content_wrapper\"><\/div><\/div><\/div>\t\t\t<\/div>\n\t\t\t\n\t\t\t\t\n\t\t<\/div>\n\t\t\n\t\t<!-- .four-columns - sidebar -->\n\t\t\n\t<\/div>\n","protected":false},"excerpt":{"rendered":"<p>\u00bfEres proveedor y te gustar\u00eda hacer dropshipping con centenares de tiendas? Hazlo a trav\u00e9s de SERLOGAL 2.0 y benef\u00edciate de todas nuestras ventajas: Sin inversi\u00f3n Aumenta [&hellip;]<\/p>\n","protected":false},"author":1,"featured_media":0,"parent":0,"menu_order":0,"comment_status":"closed","ping_status":"closed","template":"","meta":{"footnotes":""},"class_list":["post-311","page","type-page","status-publish","hentry"],"_links":{"self":[{"href":"https:\/\/www.serlogal.com\/index.php?rest_route=\/wp\/v2\/pages\/311","targetHints":{"allow":["GET"]}}],"collection":[{"href":"https:\/\/www.serlogal.com\/index.php?rest_route=\/wp\/v2\/pages"}],"about":[{"href":"https:\/\/www.serlogal.com\/index.php?rest_route=\/wp\/v2\/types\/page"}],"author":[{"embeddable":true,"href":"https:\/\/www.serlogal.com\/index.php?rest_route=\/wp\/v2\/users\/1"}],"replies":[{"embeddable":true,"href":"https:\/\/www.serlogal.com\/index.php?rest_route=%2Fwp%2Fv2%2Fcomments&post=311"}],"version-history":[{"count":1,"href":"https:\/\/www.serlogal.com\/index.php?rest_route=\/wp\/v2\/pages\/311\/revisions"}],"predecessor-version":[{"id":312,"href":"https:\/\/www.serlogal.com\/index.php?rest_route=\/wp\/v2\/pages\/311\/revisions\/312"}],"wp:attachment":[{"href":"https:\/\/www.serlogal.com\/index.php?rest_route=%2Fwp%2Fv2%2Fmedia&parent=311"}],"curies":[{"name":"wp","href":"https:\/\/api.w.org\/{rel}","templated":true}]}}